{"id":13,"date":"2021-11-10T16:59:37","date_gmt":"2021-11-10T16:59:37","guid":{"rendered":"http:\/\/trafcount.sk\/?page_id=13"},"modified":"2021-11-16T14:02:34","modified_gmt":"2021-11-16T14:02:34","slug":"about","status":"publish","type":"page","link":"https:\/\/trafcount.sk\/en\/","title":{"rendered":"About"},"content":{"rendered":"<figure class=\"wp-block-image size-large wp-duotone-000000-e2e2e2-1\"><img loading=\"lazy\" decoding=\"async\" width=\"1024\" height=\"202\" src=\"http:\/\/trafcount.sk\/wp-content\/uploads\/2021\/11\/logo-1024x202.png\" alt=\"\" class=\"wp-image-84\" srcset=\"https:\/\/trafcount.sk\/wp-content\/uploads\/2021\/11\/logo-1024x202.png 1024w, https:\/\/trafcount.sk\/wp-content\/uploads\/2021\/11\/logo-300x59.png 300w, https:\/\/trafcount.sk\/wp-content\/uploads\/2021\/11\/logo-768x151.png 768w, https:\/\/trafcount.sk\/wp-content\/uploads\/2021\/11\/logo-1536x303.png 1536w, https:\/\/trafcount.sk\/wp-content\/uploads\/2021\/11\/logo-2048x404.png 2048w, https:\/\/trafcount.sk\/wp-content\/uploads\/2021\/11\/logo-18x4.png 18w, https:\/\/trafcount.sk\/wp-content\/uploads\/2021\/11\/logo-1200x237.png 1200w, https:\/\/trafcount.sk\/wp-content\/uploads\/2021\/11\/logo-1980x390.png 1980w\" sizes=\"(max-width: 1024px) 100vw, 1024px\" \/><\/figure>\n\n\n\n<p>TrafCount is a company dealing mainly with individual transport, and our portfolio includes the following activities:<\/p>\n\n\n\n<ul><li>Traffic counts of all types of vehicles<\/li><li>Traffic-sociological surveys<\/li><li>Dashcam site visits and photo documentation<\/li><\/ul>\n\n\n\n<p><\/p>","protected":false},"excerpt":{"rendered":"<p>Sme firma zaoberaj\u00faca sa najm\u00e4 individu\u00e1lnou dopravou, a do n\u00e1\u0161ho portf\u00f3lia patria nasleduj\u00face aktivity: Vykon\u00e1vanie dopravn\u00fdch s\u010d\u00edtan\u00ed Dopravno-sociologick\u00e9 prieskumy Dashcam obhliadky a podobn\u00e1 foto-dokument\u00e1cia<\/p>","protected":false},"author":1,"featured_media":0,"parent":0,"menu_order":0,"comment_status":"closed","ping_status":"closed","template":"","meta":{"footnotes":""},"_links":{"self":[{"href":"https:\/\/trafcount.sk\/en\/wp-json\/wp\/v2\/pages\/13"}],"collection":[{"href":"https:\/\/trafcount.sk\/en\/wp-json\/wp\/v2\/pages"}],"about":[{"href":"https:\/\/trafcount.sk\/en\/wp-json\/wp\/v2\/types\/page"}],"author":[{"embeddable":true,"href":"https:\/\/trafcount.sk\/en\/wp-json\/wp\/v2\/users\/1"}],"replies":[{"embeddable":true,"href":"https:\/\/trafcount.sk\/en\/wp-json\/wp\/v2\/comments?post=13"}],"version-history":[{"count":9,"href":"https:\/\/trafcount.sk\/en\/wp-json\/wp\/v2\/pages\/13\/revisions"}],"predecessor-version":[{"id":102,"href":"https:\/\/trafcount.sk\/en\/wp-json\/wp\/v2\/pages\/13\/revisions\/102"}],"wp:attachment":[{"href":"https:\/\/trafcount.sk\/en\/wp-json\/wp\/v2\/media?parent=13"}],"curies":[{"name":"wp","href":"https:\/\/api.w.org\/{rel}","templated":true}]}}